{"id":148,"date":"2017-06-12T13:35:46","date_gmt":"2017-06-12T13:35:46","guid":{"rendered":"http:\/\/www.encontraalagoinhas.com.br\/noticias\/?page_id=148"},"modified":"2025-09-25T14:02:21","modified_gmt":"2025-09-25T14:02:21","slug":"sobre-alagoinhas","status":"publish","type":"page","link":"https:\/\/www.encontraalagoinhas.com.br\/sobre\/","title":{"rendered":"Sobre Alagoinhas"},"content":{"rendered":"<p><br \/>\n<img decoding=\"async\" class=\"aligncenter size-full wp-image-149\" src=\"https:\/\/www.encontraalagoinhas.com.br\/noticias\/wp-content\/uploads\/2017\/06\/cidade-de-alagoinhas.jpg\" alt=\"\" width=\"100%\" height=\"198\" srcset=\"https:\/\/www.encontraalagoinhas.com.br\/sobre\/wp-content\/uploads\/2017\/06\/cidade-de-alagoinhas.jpg 565w, https:\/\/www.encontraalagoinhas.com.br\/sobre\/wp-content\/uploads\/2017\/06\/cidade-de-alagoinhas-300x105.jpg 300w\" sizes=\"(max-width: 565px) 100vw, 565px\" \/><\/p>\n<p><strong>Alagoinhas<\/strong> \u00e9 uma cidade brasileira que est\u00e1 localizado no leste da Bahia. Sua \u00e1rea \u00e9 de 734 km\u00b2 e sua popula\u00e7\u00e3o era em 2010 de 142.160 habitantes, tendo portanto uma densidade demogr\u00e1fica de 215,00 hab\/km\u00b2.<\/p>\n<p>Limita-se ao norte com o munic\u00edpio de Inhambupe, ao sul com o munic\u00edpio de Catu, a leste com o munic\u00edpio de Ara\u00e7as, a oeste com o munic\u00edpio de Aramari, a nordeste com o munic\u00edpio de Entre Rios e a sudoeste com o munic\u00edpio de Teodoro Sampaio.<\/p>\n<p>Seu nome se deve aos rios Sau\u00edpe, Catu, Suba\u00fama e Quiric\u00f3, \u00e0s lagoas e c\u00f3rregos existentes na regi\u00e3o. E assim sua \u00e1gua \u00e9 considerada de excelente qualidade, sendo uma de suas maiores riquezas, e que faz parte do aq\u00fc\u00edfero que vai desde Dias d&#8217;\u00c1vila a Tucano.<\/p>\n<p>Alguns alagoinhenses se destacaram bastante no campo da literatura, como Maria Feij\u00f3, Jos\u00e9 Ol\u00edvio Paranhos Lima, o jovem escritor, Gabriel Matos, o poeta, dramaturgo L\u00e1zaro Zacariades, o poeta, professor e pesquisador acad\u00eamico Ednaldo Soares, publicado no Brasil e na It\u00e1lia, e o escritor e editor Adson Vasconcelos.<\/p>\n<h2>Hist\u00f3ria<\/h2>\n<p>Seu povoamento foi iniciado no final do s\u00e9culo XVIII, quando um padre portugu\u00eas fundou uma capela no seu territ\u00f3rio e da\u00ed come\u00e7ou a pr\u00f3spera vila em fun\u00e7\u00e3o da chegada de imigrantes e da passagem da estrada de boiadas, acesso para o norte e para o sert\u00e3o, motivo do t\u00edtulo dado por Ruy Barbosa de &#8220;P\u00f3rtico de Ouro do Sert\u00e3o Baiano&#8221;.<\/p>\n<p>Enquanto vila, Alagoinhas recebeu v\u00e1rios nomes, os quais foram Freguesia da \u00c1gua Fria, Freguesia de Santo Ant\u00f4nio das Lagoinhas e posteriormente Villa de Santo Ant\u00f4nio d&#8217;Alagoinhas. Este \u00faltimo nome, foi o \u00faltimo como vila, que depois foi desmembrada da Vila de Inhambupe, para ser emancipada como Munic\u00edpio de Alagoinhas.<\/p>\n<p>Em volta da igreja de Santo Ant\u00f4nio v\u00e1rias casas foram constru\u00eddas, desse modo o povoado foi elevado a vila, atrav\u00e9s da Resolu\u00e7\u00e3o Provincial 442 de 16 de junho de 1852. Mais tarde, do mesmo modo, causado pelo desenvolvimento da vila, que era gerado e norteado pela esta\u00e7\u00e3o ferrovi\u00e1ria, a qual era o centro de atividades econ\u00f4micas, devido ao grande fluxo de pessoas e mercadorias, foi elevado a munic\u00edpio de Santo Ant\u00f4nio de Alagoinhas, sendo desmembrado do munic\u00edpio de Inhambupe.<\/p>\n<p>Segundo o IBGE, o distrito de Alagoinhas foi criado no dia 15 de outubro de 1816, pertencendo a Inhambupe at\u00e9 16 de junho de 1852, quando se tornou um munic\u00edpio. A emancipa\u00e7\u00e3o pol\u00edtica de Alagoinhas foi oficializada h\u00e1 153 anos, no dia 2 de julho de 1853, com a posse da primeira C\u00e2mara Municipal e do presidente do Conselho, o coronel Jos\u00e9 Joaquim Leal.<\/p>\n<p>Em 1964 foi descoberto um po\u00e7o de petr\u00f3leo no munic\u00edpio, o MG-1-BA. Tr\u00eas anos depois j\u00e1 havia 30 po\u00e7os, motivo que fez com que a Petrobras se instalasse na <a title=\"cidade de Alagoinhas\" href=\"http:\/\/www.encontraalagoinhas.com.br\/\">cidade de Alagoinhas<\/a>, gerando seu desenvolvimento e aumentando os investimentos, mas tamb\u00e9m crescimento desordenado, deixando v\u00e1rias pessoas sem saneamento b\u00e1sico e acesso aos servi\u00e7os de sa\u00fade.<\/p>\n<p>Com o desenvolvimento ferrovi\u00e1rio e a descoberta de po\u00e7os de petr\u00f3leo, Alagoinhas cresceu bastante economicamente, tornando-se p\u00f3lo de sua regi\u00e3o. Se voltou aos servi\u00e7os, portanto seu desenvolvimento se deu, principalmente, no com\u00e9rcio, polarizando mais de 30 munic\u00edpios vizinhos.<\/p>\n<h3>Esta\u00e7\u00e3o de S\u00e3o Francisco<\/h3>\n<p>Foi atrav\u00e9s da Lei nO 641, de 26 de junho de 1852, sancionada pelo Governo Imperial, que se abriu em todo territ\u00f3rio brasileiro a concess\u00e3o para companhias que se propuzessem construir estradas de ferro.<\/p>\n<p>Assim foram constru\u00eddas entre outras, a Estrada de Ferro Bahia ao s\u00e3o Francisco, a Central da Bahia, o ramal do Timb\u00f3. A primeira dessas estradas vai contar com verbas Provinciais no prolongamento feito de Alagoinhas a Juazeiro. O empreendimento foi ousado: a constru\u00e7\u00e3o de uma estrada de ferro ligando a capital da Provincia ao interior. Nos mostra a legisla\u00e7\u00e3o provincial na Lei nO 450 de 21 de junho de 1852, a concess\u00e3o &#8220;\u00e0 Companhia composta de membros da Junta da Lavoura e outros Propriet\u00e1rios desta provincia o privil\u00e9gio exclusivo por 40 annos para abertura de uma estrada..sobrelinhas de madeira ferrada, desta capital para villa de Ju&amp;zeiro&#8221;. Como n\u00e3o foi levado a frente este empreendimento, o governo imperial concedeu a Joaquim Francisco Alves Branco Muniz Barreto a conces\u00e3o da constru\u00e7\u00e3o da referida estrada, mediante a garantia de juros de 5% anuais, segundo o Decreto n\u00b0 1299, de 19 de dezembro de 1853.<\/p>\n<p>Dois anos depois, organiza-se em Londres a Bahia and S. Francisco Railway Company a qual se passou os direitos de conces\u00e3o atrav\u00e9s do Decreto n\u00b0 1615. Com a chegada do capital ingl\u00eas, no ano seguinte &#8211; 1856 foi data do in\u00edcio da constru\u00e7\u00e3o &#8211; quatro anos depois era entregue ao tr\u00e1fego o primeiro trecho da estrada at\u00e9 Aratu. Nesse mesmo ano os trilhos atingiram o rio Joanes. Grande n\u00famero de Oper\u00e1rios estrangeiros foram usados na obra: 446 italianos, 107 ingleses, 11 alem\u00e3es, 4 franceses, 2 sui\u00e7os e 2069 brasileiros.<\/p>\n<p>A 13 de fevereiro de 1863, \u00e9 inaugurado o trecho Salvador-Alagoinhas num total de 123 km. Continuando sob a administra\u00e7\u00e3o da companhia inglesa, foi a estrada resgatada em 1901 e arrendada provisoriamente a Jeronymo Teixeira de Alencar Lima e Austricliano Honoria de Carvalho, com a denomina\u00e7\u00e3o de Estrada de Ferro da Bahia ao S. Francisco. Em 1909 passa a ser conhecida como Companhia Via\u00e7\u00e3o Geral da Bahia, da qual \u00e9 sucessora a Companhia Via\u00e7\u00e3o Este Brasileiro. De 1911 a 1935 esteve arrendada a uma Companhia Francesa, sendo depois incorporada ao Governo.<\/p>\n<p>Sua import\u00e2ncia cresce com os prolongamentos feitos posteriormente para Juazeiro (1871) e Sergipe (1881), e um marco que ficou at\u00e9 nossos dias foi o importante edif\u00edcio, constru\u00eddo nos moldes ingleses, para sede da esta\u00e7\u00e3o em <a title=\"Alagoinhas\" href=\"http:\/\/www.encontraalagoinhas.com.br\/\">Alagoinhas<\/a>, al\u00e9m de v\u00e1rias obras d&#8217;arte.<\/p>\n<p>Como foi citado, em 1863, foi aberta ao p\u00fablico o trecho ferrovi\u00e1rio ligando a capital da prov\u00edncia a ent\u00e3o Villa de Alagoinhas. &#8220;Estas ferrovias construldas por empresas estrangeiras mediante empr\u00e9stimos com garantia governamental de juros m\u00ednimos, al\u00e9m de outras regalias, eram um alto neg\u00f3cio em si mesmas, independente do lucro de opera\u00e7\u00f5es que viessem a propriciar. Multiplicavam-se por esta raz\u00e3o, ligando os principais n\u00facleos produtivos do interior do pa\u00eds \u00e0 diversos portos representando um extraordin\u00e1rio progresso para as \u00e1reas que atravessavam&#8221;, escreve com muita propriedade Pietro Maria Bardi no trabalho &#8220;Lembran\u00e7as do Trem de Ferro&#8221;.<\/p>\n<p>Segundo considera\u00e7\u00f5es submetidas Provincial em 1862 dizia o Engenheiro Fiscal:<br \/>\n&#8220;O Distrito de Alagoinhas (onde chegar\u00e1 a Via ferrea) ficar\u00e1 sendo o centro para onde ser\u00e3o convergentes os v\u00e1rios dos Districtos que para ali por necessidade e comodo levar\u00e3o seus productos de exporta\u00e7\u00e3o e importa\u00e7\u00e3o as mercadorias que lhes s\u00e3o necessarias, ser\u00e1 pois Alagoinhas um entreposto comercial, que exportar\u00e1 pela Via ferrea assucar tabaco, gado de muitas esp\u00e9cies e cereais al\u00e9m de outras muitas produ\u00e7\u00f5es que far\u00e1 aparecer o facil transporte pela via&#8221;.<\/p>\n<p>Uma descri\u00e7\u00e3o do munic\u00edpio de Alagoinhas feita em 1866, nos diz a seguinte vis\u00e3o:<br \/>\n&#8220;At\u00e9 1866 a atual cidade constava apenas de umas 4 casas de telha junto ao rio, de um trapiche, das acomoda\u00e7\u00f5es da estrada de ferro e de uma meia d\u00fazia de casa de palha perto do barrac\u00e3o da dita estrada. Chamavam a esse insignificante lugar simplesmente &#8211; a ESTACAO.<\/p>\n<p>A Vila achava-se distante meia l\u00e9gua em posi\u00e7\u00e3o elevada, no principio de um grande tabuleiro&#8221;.<\/p>\n<p>Dois anos depois, por Resolu\u00e7\u00e3o Provincial n\u00b0 1013 de 16\/04\/1868 a sede da Vila foi transferida para o local onde fora erguida a Esta\u00e7\u00e3o da Estrada de Ferro, distante 3 km. Segundo os relatos publicados sobre Alagoinhas, essa nova povoa\u00e7\u00e3o teria tido in\u00edcio gra\u00e7as a iniciativas de um alagoinhense chamado Pedro Rodrigues Bastos, que estabeleceu-se comercialmente no ponto terminal da estrada de ferro, sendo seguido por outras pessoas.<\/p>\n<p>Esse n\u00facleo inicial prosperou e a antiga Sede passou a ser conhecida como Alagoinhas Velha.<\/p>\n<p>Para homenagear a comunidade de moradores desta maravilhosa cidade, o <a title=\"Encontra Bahia\" href=\"http:\/\/www.encontrabahia.com.br\/\" target=\"_blank\" rel=\"noopener noreferrer\">Encontra Bahia <\/a>criou o <a title=\"Encontra Alagoinhas \" href=\"http:\/\/www.encontraalagoinhas.com.br\/\">Encontra Alagoinhas<\/a>.<\/p>\n<h2>Not\u00edcias de Alagoinhas<\/h2>\n<p><a href=\"http:\/\/www.encontraalagoinhas.com.br\/noticias\"><img decoding=\"async\" src=\"https:\/\/feeds.feedburner.com\/encontraalagoinhas.gif?w=1&amp;c=1&amp;bb=q1GC\" alt=\"Blog do Guia da Cidade de Alagoinhas \" border=\"0\" \/><\/a><\/p>\n<h1>Limites &#8211; Cidades Vizinhas<\/h1>\n<p>Inhambupe, Catu, Ara\u00e7as, Aramari, Entre Rios e Teodoro Sampaio.<\/p>\n<h4>Dados Principais sobre Alagoinhas<\/h4>\n<p>Anivers\u00e1rio: &#8211;<br \/>\nFunda\u00e7\u00e3o : 1852<br \/>\nGent\u00edlico: Alagoinhense<br \/>\nArea: 733,969 Km\u00b2<br \/>\nPopula\u00e7\u00e3o: 142 160 hab. (2010)<br \/>\nIDH: 0,729 &#8211; m\u00e9dio<br \/>\n<a href=\"https:\/\/www.prefeituras.org\/prefeitura-municipal-de-alagoinhas-ba\/\" target=\"_blank\" rel=\"noopener\">Prefeitura Alagoinhas<\/a><br \/>\n<a href=\"https:\/\/www.camaramunicipal.com.br\/sobre\/camara-municipal-de-alagoinhas-ba\" target=\"_blank\" rel=\"noopener\">C\u00e2mara Municipal de Alagoinhas<\/a><br \/>\n<a href=\"https:\/\/www.cartoriosdobrasil.org\/cidade\/alagoinhas\" target=\"_blank\" rel=\"noopener\">Cart\u00f3rios em Alagoinhas<\/a><\/p>\n\n<div style=\"font-size: 0px; height: 0px; line-height: 0px; margin: 0; padding: 0; clear: both;\"><\/div>","protected":false},"excerpt":{"rendered":"<p>Alagoinhas \u00e9 uma cidade brasileira que est\u00e1 localizado no leste da Bahia. Sua \u00e1rea \u00e9 de 734 km\u00b2 e sua popula\u00e7\u00e3o era em 2010 de 142.160 habitantes, tendo portanto uma densidade demogr\u00e1fica de 215,00 hab\/km\u00b2. Limita-se ao norte com o munic\u00edpio de Inhambupe, ao sul com o munic\u00edpio de Catu, a leste com o munic\u00edpio de Ara\u00e7as, a oeste com o munic\u00edpio de Aramari, a nordeste com o munic\u00edpio de Entre Rios e a sudoeste com o munic\u00edpio de Teodoro Sampaio. Seu nome se deve aos rios Sau\u00edpe, Catu, Suba\u00fama e Quiric\u00f3, \u00e0s lagoas e c\u00f3rregos existentes na regi\u00e3o. E <\/p>\n","protected":false},"author":1,"featured_media":0,"parent":0,"menu_order":0,"comment_status":"closed","ping_status":"closed","template":"","meta":{"footnotes":""},"class_list":["post-148","page","type-page","status-publish","hentry"],"aioseo_notices":[],"_links":{"self":[{"href":"https:\/\/www.encontraalagoinhas.com.br\/sobre\/wp-json\/wp\/v2\/pages\/148","targetHints":{"allow":["GET"]}}],"collection":[{"href":"https:\/\/www.encontraalagoinhas.com.br\/sobre\/wp-json\/wp\/v2\/pages"}],"about":[{"href":"https:\/\/www.encontraalagoinhas.com.br\/sobre\/wp-json\/wp\/v2\/types\/page"}],"author":[{"embeddable":true,"href":"https:\/\/www.encontraalagoinhas.com.br\/sobre\/wp-json\/wp\/v2\/users\/1"}],"replies":[{"embeddable":true,"href":"https:\/\/www.encontraalagoinhas.com.br\/sobre\/wp-json\/wp\/v2\/comments?post=148"}],"version-history":[{"count":4,"href":"https:\/\/www.encontraalagoinhas.com.br\/sobre\/wp-json\/wp\/v2\/pages\/148\/revisions"}],"predecessor-version":[{"id":255,"href":"https:\/\/www.encontraalagoinhas.com.br\/sobre\/wp-json\/wp\/v2\/pages\/148\/revisions\/255"}],"wp:attachment":[{"href":"https:\/\/www.encontraalagoinhas.com.br\/sobre\/wp-json\/wp\/v2\/media?parent=148"}],"curies":[{"name":"wp","href":"https:\/\/api.w.org\/{rel}","templated":true}]}}